{"id":22,"date":"2021-08-09T14:49:54","date_gmt":"2021-08-09T14:49:54","guid":{"rendered":"https:\/\/dev.cheestrings.ca\/?page_id=22"},"modified":"2024-03-05T16:30:35","modified_gmt":"2024-03-05T16:30:35","slug":"a-propos-de-nous","status":"publish","type":"page","link":"https:\/\/cheestrings.ca\/fr\/a-propos-de-nous\/","title":{"rendered":"\u00c0 propos de nous"},"content":{"rendered":"\n<div class=\"about-us-hero\">\n<div class=\"full-width-container\">\n<div class=\"container\">\n<h1 id=\"block-2905f0d8-7d7a-4246-86e2-6602be9bcb04\" class=\"block-editor-rich-text__editable block-editor-block-list__block wp-block has-text-align-center is-selected wp-block-heading rich-text\" style=\"text-align: center;\" tabindex=\"0\" role=\"group\" contenteditable=\"true\" aria-multiline=\"true\" aria-label=\"Block: Heading\" data-block=\"2905f0d8-7d7a-4246-86e2-6602be9bcb04\" data-type=\"core\/heading\" data-title=\"Heading\">100 % vrai fromage.<br>100 % amusant.<\/h1>\n<\/div>\n<\/div>\n<\/div>\n\n\n\n<div class=\"about-us-secondary\">\n<div class=\"full-width-container\">\n<div class=\"container\">\n<img decoding=\"async\" src=\"\/wp-content\/uploads\/2021\/08\/nautual.svg\" alt=\"Natural\" class=\"about-us-secondary-img\">\n<h2>Sans colorants ni ar\u00f4mes&nbsp;artificiels<\/h2>\n<p>Les collations Ficello<sup>\u00ae<\/sup> de Black Diamond<sup>\u00ae<\/sup> sont faites de vrai fromage \u00e0 100 % et sont toujours amusantes et nutritives. Sans colorants ni ar\u00f4mes artificiels et sans agents de conservation ajout\u00e9s, comme tous les autres fromages pizza mozzarella, la seule r\u00e8gle de Ficello<sup>\u00ae<\/sup> est de s\u2019amuser avec les aliments.<\/p>\n<\/div>\n<\/div>\n<\/div>\n\n\n\n<h3 class=\"has-text-align-center wp-block-heading\">Comment les collations Ficello<sup>\u00ae<\/sup> de Black Diamond<sup>\u00ae<\/sup> sont-elles faites?<\/h3>\n\n\n\n<div class=\"made-container\">\n<div class=\"row row-1\">\n<div class=\"left-img\"><img decoding=\"async\" src=\"\/wp-content\/uploads\/2021\/08\/made-1-cow.svg\" class=\"highlight-img\" alt=\"Milking Cow\"><\/div>\n<div class=\"right-copy\">\n<div class=\"count\"><span>1<\/span><\/div>\n<p>Tout commence avec du <strong>lait 100 % canadien<\/strong> provenant de fermes laiti\u00e8res locales<\/p>\n<\/div>\n<\/div>\n<div class=\"row row-2\">\n<div class=\"left-img\"><img decoding=\"async\" src=\"\/wp-content\/uploads\/2021\/08\/made-2-carton.svg\" class=\"highlight-img\" alt=\"Milk Carton\"><\/div>\n<div class=\"right-copy\">\n<div class=\"count\"><span>2<\/span><\/div>\n<p>Ensuite, le lait est pasteuris\u00e9 et form\u00e9 en <strong>d\u00e9licieux fromage en grains<\/strong><\/p>\n<\/div>\n<\/div>\n<div class=\"row row-3\">\n<div class=\"left-img\"><img decoding=\"async\" src=\"\/wp-content\/uploads\/2021\/08\/made-3-cheestring.svg\" class=\"highlight-img\" alt=\"Cheddar Cheestring\"><\/div>\n<div class=\"right-copy\">\n<div class=\"count count-3\"><span>3<\/span><\/div>\n<p>Apr\u00e8s, le fromage en grains qui couine est chauff\u00e9 et p\u00e9tri afin d\u2019obtenir du <strong>fromage pizza mozzarella effilochable<\/strong><\/p>\n<\/div>\n<\/div>\n<div class=\"row row-4\">\n<div class=\"left-img left-img-blank\"><img decoding=\"async\" src=\"\/wp-content\/uploads\/2021\/08\/Marble_8ct@2x-1-1.png\" class=\"highlight-img\" alt=\"Marbr\u00e9 Cheestrings\"><\/div>\n<div class=\"right-copy\">\n<div class=\"count count-4\"><span>4<\/span><\/div>\n<p>Enfin, le fromage pizza mozzarella est form\u00e9 en <strong>b\u00e2tonnets qui sont emball\u00e9s individuellement<\/strong><\/p>\n<\/div>\n<\/div>\n<\/div>\n\n\n\n<p class=\"larger\">Assemblez le tout et voil\u00e0, vous obtenez une d\u00e9licieuse collation au fromage effilochable dont vos enfants raffoleront! &nbsp;&nbsp;<\/p>\n\n\n\n<div class=\"cheesy\">\n<div class=\"story\"><img decoding=\"async\" src=\"\/wp-content\/uploads\/2021\/08\/cheesy-story-fr.svg\" alt=\"Bonjour! Je m\u2019appelle Ficello.\" class=\"wp-image-107\"><\/div>\n<div class=\"board\">\n<h2>Bonjour! Je m\u2019appelle&nbsp;Ficello.<\/h2>\nJ\u2019ai appris TANT de choses depuis mon arriv\u00e9e dans ce monde en 1991. En cours de route, je me suis fait beaucoup d\u2019amis formidables qui m\u2019apprennent de nouvelles choses tous les jours \u2013 comme jouer \u00e0 un nouveau sport ou apprendre un nouvel instrument de musique! Ensemble, nous avons aussi v\u00e9cu d\u2019incroyables aventures, comme vaincre de puissants dragons, trouver des tr\u00e9sors cach\u00e9s, ou m\u00eame voyager dans l\u2019espace \u00e0 bord d\u2019une fus\u00e9e. Chaque jour nous offre une nouvelle opportunit\u00e9 de nous amuser et d\u2019\u00eatre actifs ensemble. J\u2019ai bien h\u00e2te de savoir o\u00f9 notre prochaine aventure nous m\u00e8nera!     <\/div>\n<div class=\"buddy\"><img decoding=\"async\" src=\"\/wp-content\/uploads\/2021\/08\/cheesy_standing_angle-1.png\" alt=\"Cheesy Mascot\" class=\"wp-image-97\"><\/div>\n<\/div>\n\n\n\n<div class=\"wp-block-group kids-help is-layout-flow wp-block-group-is-layout-flow\">\n<h4 class=\"wp-block-heading\">Redonner<\/h4>\n\n\n\n<div class=\"wp-block-group is-layout-flow wp-block-group-is-layout-flow\">\n<p class=\"large\">Lactalis Canada, la soci\u00e9t\u00e9 m\u00e8re de Ficello<sup>\u00ae<\/sup> de Black Diamond<sup>\u00ae<\/sup>, est un fier commanditaire de Jeunesse, J\u2019\u00e9coute.<\/p>\n\n\n\n<div class=\"wp-block-image is-style-default\"><figure class=\"aligncenter size-full\"><a href=\"https:\/\/jeunessejecoute.ca\/\" target=\"_blank\" rel=\"noopener\"><img decoding=\"async\" src=\"https:\/\/cheestrings.ca\/wp-content\/uploads\/2024\/03\/svgexport-1-9.png\" alt=\"\" class=\"wp-image-126\"\/><\/a><\/figure><\/div>\n<\/div>\n<\/div>\n\n\n\n<div class=\"wp-block-buttons is-content-justification-center is-layout-flex wp-block-buttons-is-layout-flex\">\n<div class=\"wp-block-button btn cheestring-btn\"><a class=\"wp-block-button__link\" href=\"\/fr\/produits\">Explorer<\/a><\/div>\n<\/div>\n","protected":false},"excerpt":{"rendered":"<p>100 % vrai fromage.100 % amusant. Sans colorants ni ar\u00f4mes&nbsp;artificiels Les collations Ficello\u00ae de Black Diamond\u00ae sont faites de vrai fromage \u00e0 100 % et sont toujours amusantes et nutritives. Sans colorants ni ar\u00f4mes artificiels et sans agents de conservation ajout\u00e9s, comme tous les autres fromages pizza mozzarella, la seule r\u00e8gle de Ficello\u00ae est de &hellip; <a href=\"https:\/\/cheestrings.ca\/fr\/a-propos-de-nous\/\">Continued<\/a><\/p>\n","protected":false},"author":2,"featured_media":0,"parent":0,"menu_order":2,"comment_status":"closed","ping_status":"closed","template":"views\/template-custom.blade.php","meta":{"footnotes":""},"class_list":["post-22","page","type-page","status-publish","hentry"],"_links":{"self":[{"href":"https:\/\/cheestrings.ca\/fr\/wp-json\/wp\/v2\/pages\/22","targetHints":{"allow":["GET"]}}],"collection":[{"href":"https:\/\/cheestrings.ca\/fr\/wp-json\/wp\/v2\/pages"}],"about":[{"href":"https:\/\/cheestrings.ca\/fr\/wp-json\/wp\/v2\/types\/page"}],"author":[{"embeddable":true,"href":"https:\/\/cheestrings.ca\/fr\/wp-json\/wp\/v2\/users\/2"}],"replies":[{"embeddable":true,"href":"https:\/\/cheestrings.ca\/fr\/wp-json\/wp\/v2\/comments?post=22"}],"version-history":[{"count":12,"href":"https:\/\/cheestrings.ca\/fr\/wp-json\/wp\/v2\/pages\/22\/revisions"}],"predecessor-version":[{"id":700,"href":"https:\/\/cheestrings.ca\/fr\/wp-json\/wp\/v2\/pages\/22\/revisions\/700"}],"wp:attachment":[{"href":"https:\/\/cheestrings.ca\/fr\/wp-json\/wp\/v2\/media?parent=22"}],"curies":[{"name":"wp","href":"https:\/\/api.w.org\/{rel}","templated":true}]}}